{"id":2426,"date":"2020-07-27T12:03:12","date_gmt":"2020-07-27T10:03:12","guid":{"rendered":"http:\/\/kfz-grabs.de\/?page_id=2426"},"modified":"2020-07-27T12:03:14","modified_gmt":"2020-07-27T10:03:14","slug":"covid-19-infos","status":"publish","type":"page","link":"https:\/\/kfz-grabs.de\/?page_id=2426","title":{"rendered":"COVID 19 Infos"},"content":{"rendered":"\n<p><strong>Hygiene- und Schutzma\u00dfnahmen in der Werkstatt<\/strong><\/p>\n<p>Hier geben wir Ihnen einen \u00dcberblick \u00fcber die f\u00fcr Sie wichtigen Hygienema\u00dfnahmen in unserer Werkstatt<br \/><br \/>&#8211; bitte halten Sie 1,50 m Abstand<br \/>&#8211; bitte tragen Sie eine Mund-Nasen-Bedeckung<br \/>&#8211; kein Handshake- Wir schenken Ihnen ein L\u00e4cheln<br \/>&#8211; beachten Sie die Nies- und Hust-Etikette<br \/>&#8211; M\u00f6glichkeit zum Desinfizieren Ihrer H\u00e4nde steht im Wartebereich bereit<br \/>&#8211; Zugang zur Werkstatt ausschlie\u00dflich \u00fcber den B\u00fcroeingang m\u00f6glich (direktes Eintreten in die Werkstatt nicht gestattet)<br \/>&#8211; um den n\u00f6tigen Abstand einzuhalten, bitten wir momentan nur 2 Kunden die Annahme\/das B\u00fcro gleichzeitig zu betreten<br \/>&#8211; aus hygienischen Gr\u00fcnden liegen momentan keine Zeitungen\/Zeitschriften im Wartebereich bereit<br \/>&#8211; die Nutzung der Toilette ist momentan nur Mitarbeitern vorbehalten<br \/>&#8211; wir reinigen\/desinfizieren in regelm\u00e4\u00dfigen Abst\u00e4nden T\u00fcr- und Fenstergriffe, Armlehnen, Telefone und Tresenbereiche<br \/>&#8211; wir reinigen\/desinfizieren uns vor und nach jeder Reparatur an Ihrem Auto die H\u00e4nde<br \/>&#8211; Leihwagenverleih unter vorheriger Absprache gerne weiterhin m\u00f6glich<br \/><br \/>Unsere Mitarbeiter*innen haben intern eine Fortbildung zum Infektionsschutz gemacht und sind zus\u00e4tzlich unterwiesen worden.<br \/>Die Aufz\u00e4hlung auf dieser Website ist nur ein Auszug aus unserem Hygieneplan.<\/p>\n<p>Ihr KFZ-Grabs Team<\/p>\n","protected":false},"excerpt":{"rendered":"<p>Hygiene- und Schutzma\u00dfnahmen in der Werkstatt Hier geben wir Ihnen einen \u00dcberblick \u00fcber die f\u00fcr Sie wichtigen Hygienema\u00dfnahmen in unserer Werkstatt &#8211; bitte halten Sie 1,50 m Abstand&#8211; bitte tragen &hellip; <\/p>\n","protected":false},"author":1,"featured_media":0,"parent":0,"menu_order":0,"comment_status":"closed","ping_status":"closed","template":"","meta":{"footnotes":""},"class_list":["post-2426","page","type-page","status-publish","hentry"],"_links":{"self":[{"href":"https:\/\/kfz-grabs.de\/index.php?rest_route=\/wp\/v2\/pages\/2426","targetHints":{"allow":["GET"]}}],"collection":[{"href":"https:\/\/kfz-grabs.de\/index.php?rest_route=\/wp\/v2\/pages"}],"about":[{"href":"https:\/\/kfz-grabs.de\/index.php?rest_route=\/wp\/v2\/types\/page"}],"author":[{"embeddable":true,"href":"https:\/\/kfz-grabs.de\/index.php?rest_route=\/wp\/v2\/users\/1"}],"replies":[{"embeddable":true,"href":"https:\/\/kfz-grabs.de\/index.php?rest_route=%2Fwp%2Fv2%2Fcomments&post=2426"}],"version-history":[{"count":0,"href":"https:\/\/kfz-grabs.de\/index.php?rest_route=\/wp\/v2\/pages\/2426\/revisions"}],"wp:attachment":[{"href":"https:\/\/kfz-grabs.de\/index.php?rest_route=%2Fwp%2Fv2%2Fmedia&parent=2426"}],"curies":[{"name":"wp","href":"https:\/\/api.w.org\/{rel}","templated":true}]}}